{"id":360,"date":"2025-07-24T15:59:09","date_gmt":"2025-07-24T15:59:09","guid":{"rendered":"https:\/\/josedomingoasesor.com\/aviso-legal\/"},"modified":"2026-01-21T12:09:26","modified_gmt":"2026-01-21T12:09:26","slug":"avis-legal","status":"publish","type":"page","link":"https:\/\/josedomingoasesor.com\/ca\/avis-legal\/","title":{"rendered":"Av\u00eds legal"},"content":{"rendered":"<section class=\"text_content_text_1_1 background-1-light\" data-block-id=\"69e01d8d5f94169e01d8d5f942\" data-block-name=\"acf\/textcontent-1-1\" data-post-id=\"360\" data-stable-id=\"block_4181d2f15d3c08d9c8dd7f2f94c8bbc1\">\r\n    <div class=\"container\">\r\n        <div class=\"row\">\r\n            <div class=\"col\">\r\n                <div class=\"content-theme\">\r\n                                        <div class=\"texto color-1-headings-dark tamano7\">\r\n                        <h2 style='text-align: center'>AV\u00cdS LEGAL I CONDICIONS GENERALS D&#8217;\u00daS <br \/>\n https:\/\/josedomingoasesor.com\/ca\/<\/h2>\n<p> &nbsp;<\/p>\n<h3>I. INFORMACI\u00d3 GENERAL<\/h3>\n<p>En compliment amb el deure d&#8217;informaci\u00f3 disposat en la Llei 34\/2002 de Serveis de la Societat de la Informaci\u00f3 i el Comer\u00e7 Electr\u00f2nic (LSSI-CE) d&#8217;11 de juliol, se subministren a continuaci\u00f3 les seg\u00fcents dades d&#8217;informaci\u00f3 general d&#8217;aquest lloc web:<\/p>\n<p>La titularitat d&#8217;aquest lloc web, https:\/\/josedomingoasesor.com\/ca\/ (d&#8217;ara endavant, Lloc Web) l&#8217;ostenta: JOSE JAVIER DOMINGO SAEZ, amb NIF: 52305326Z, i les dades de contacte dels quals s\u00f3n:<\/p>\n<p>Adre\u00e7a: <\/p>\n<p>Tel\u00e8fon de contacte: +34 636495978<\/p>\n<p>Correu electr\u00f2nic de contacte: <\/p>\n<p> &nbsp;<\/p>\n<h3>II. TERMINIS I CONDICIONS GENERALS D&#8217;\u00daS<\/h3>\n<h4>L&#8217;objecte de les condicions: El Lloc Web<\/h4>\n<p>L&#8217;objecte de les presents Condicions Generals d&#8217;\u00das (d&#8217;ara endavant, Condicions) \u00e9s regular l&#8217;acc\u00e9s i la utilitzaci\u00f3 del Lloc Web. A l&#8217;efecte de les presents Condicions s&#8217;entendr\u00e0 com a Lloc Web: l&#8217;aparen\u00e7a externa dels interf\u00edcies de pantalla, tant de forma est\u00e0tica com de forma din\u00e0mica, \u00e9s a dir, l&#8217;arbre de navegaci\u00f3; i tots els elements integrats tant en els interf\u00edcies de pantalla com en l&#8217;arbre de navegaci\u00f3 (d&#8217;ara endavant, Continguts) i tots aquells serveis o recursos en l\u00ednia que en el seu cas ofereixi als Usuaris (d&#8217;ara endavant, Serveis).<\/p>\n<p>Blog de JOSE JAVIER es reserva la facultat de modificar, en qualsevol moment, i sense av\u00eds previ, la presentaci\u00f3 i configuraci\u00f3 del Lloc Web i dels Continguts i Serveis que en ell pogueren estar incorporats. L&#8217;Usuari reconeix i accepta que en qualsevol moment Blog de JOSE JAVIER pugui interrompre, desactivar i\/o cancel\u00b7lar qualsevol d&#8217;aquests elements que s&#8217;integren en el Lloc Web o l&#8217;acc\u00e9s als mateixos.<\/p>\n<p>L&#8217;acc\u00e9s al Lloc Web per l&#8217;Usuari t\u00e9 car\u00e0cter lliure i, per regla general, \u00e9s gratu\u00eft sense que l&#8217;Usuari hagi de proporcionar una contraprestaci\u00f3 per poder gaudir d&#8217;aix\u00f2, excepte pel que fa al cost de connexi\u00f3 a trav\u00e9s de la xarxa de telecomunicacions subministrada pel prove\u00efdor d&#8217;acc\u00e9s que hagu\u00e9s contractat l&#8217;Usuari.<br \/>\n La utilitzaci\u00f3 d&#8217;algun dels Continguts o Serveis del Lloc Web podr\u00e0 fer-se mitjan\u00e7ant la subscripci\u00f3 o registre previ de l&#8217;Usuari.<\/p>\n<h4>L&#8217;Usuari<\/h4>\n<p>\n L&#8217;acc\u00e9s, la navegaci\u00f3 i \u00fas del Lloc Web, aix\u00ed com pels espais habilitats per interactuar entre els Usuaris, i l&#8217;Usuari i Blog de JOSE JAVIER, com els comentaris i\/o espais de blogging, confereix la condici\u00f3 d&#8217;Usuari, per la qual cosa s&#8217;accepten, des que s&#8217;inicia la navegaci\u00f3 pel Lloc Web, totes les Condicions aqu\u00ed establertes, aix\u00ed com les seves posteriors modificacions, sense perjudici de l&#8217;aplicaci\u00f3 de la corresponent normativa legal d&#8217;obligat compliment segons el cas. At\u00e8s la rellev\u00e0ncia del que anteriorment, es recomana a l&#8217;Usuari llegir-les cada vegada que visiti el Lloc Web.\n <\/p>\n<p>\n El Lloc Web de Blog de JOSE JAVIER proporciona gran diversitat d&#8217;informaci\u00f3, serveis i dades. L&#8217;Usuari assumeix la seva responsabilitat per realitzar un bon \u00fas del Lloc Web. Aquesta responsabilitat s&#8217;estendr\u00e0 a:\n <\/p>\n<ul>\n<li>Un \u00fas de la informaci\u00f3, Continguts i\/o Serveis i dades oferts per Blog de JOSE JAVIER sense que sigui contrari al que es disposa per les presents Condicions, la Llei, la moral o l&#8217;ordre p\u00fablic, o que de qualsevol altra manera poden suposar lesi\u00f3 dels drets de tercers o del mateix funcionament del Lloc Web.<\/li>\n<li>La veracitat i licitud de les informacions aportades per l&#8217;Usuari en els formularis estesos per Blog de JOSE JAVIER per a l&#8217;acc\u00e9s a certs Continguts o Serveis oferts pel Lloc Web. En tot cas, l&#8217;Usuari notificar\u00e0 de forma immediata a Blog de JOSE JAVIER sobre qualsevol fet que permeti l&#8217;\u00fas indegut de la informaci\u00f3 registrada en aquests formularis, tals com, per\u00f2 no nom\u00e9s, el robatori, extraviament, o l&#8217;acc\u00e9s no autoritzat a identificadors i\/o contrasenyes, amb el fi de procedir a la seva immediata cancel\u00b7laci\u00f3.<\/li>\n<\/ul>\n<p>\n Blog de JOSE JAVIER es reserva el dret de retirar tots els comentaris i aportacions que vulnerin la llei, el respecte a la dignitat de la persona, que siguin discriminatoris, xen\u00f2fobs, racistes, pornogr\u00e0fics, spamming, que atemptin contra la joventut o la inf\u00e0ncia, l&#8217;ordre o la seguretat p\u00fablica o que, al seu judici, no resultessin adequats per la seva publicaci\u00f3.\n <\/p>\n<p>\n En qualsevol cas, Blog de JOSE JAVIER no ser\u00e0 responsable de les opinions abocades pels Usuaris a trav\u00e9s de comentaris o altres eines de blogging o de participaci\u00f3 que pugui haver-hi.\n <\/p>\n<p>\n El mer acc\u00e9s a aquest Lloc Web no suposa establir cap tipus de relaci\u00f3 de car\u00e0cter comercial entre Blog de JOSE JAVIER i l&#8217;Usuari.\n <\/p>\n<p>\n L&#8217;Usuari declara ser major d&#8217;edat i disposar de la capacitat jur\u00eddica suficient per vincular-se per les presents Condicions. Per tant, aquest Lloc Web de Blog de JOSE JAVIER no es dirigeix a menors d&#8217;edat. Blog de JOSE JAVIER declina qualsevol responsabilitat per l&#8217;incompliment d&#8217;aquest requisit.\n <\/p>\n<p> &nbsp;<\/p>\n<h3>III. ACC\u00c9S I NAVEGACI\u00d3 AL LLOC WEB:<\/h3>\n<h4>EXCLUSI\u00d3 DE GARANTIES I RESPONSABILITAT<\/h4>\n<p>\n Blog de JOSE JAVIER no garanteix la continu\u00eftat, disponibilitat i utilitat del Lloc Web, ni dels Continguts o Serveis. Blog de JOSE JAVIER far\u00e0 tot el possible pel bon funcionament del Lloc Web, per\u00f2, no es responsabilitza ni garanteix que l&#8217;acc\u00e9s a aquest Lloc Web no vagi a ser ininterromput o que estigui lliure d&#8217;error.\n <\/p>\n<p>\n Tampoc es responsabilitza o garanteix que el contingut o programari al qual pugui accedir-se a trav\u00e9s d&#8217;aquest Lloc Web, estigui lliure d&#8217;error o causi dany al sistema inform\u00e0tic (programari i maquinari) de l&#8217;Usuari. En cap cas Blog de JOSE JAVIER ser\u00e0 responsable per les p\u00e8rdues, danys o perjudicis de qualsevol tipus que sorgeixin per l&#8217;acc\u00e9s, navegaci\u00f3 i \u00fas del Lloc Web, incloent-se, per\u00f2 no limitant-se, als ocasionats als sistemes inform\u00e0tics o els provocats per la introducci\u00f3 de virus.\n <\/p>\n<p>\n Blog de JOSE JAVIER tampoc es fa responsable dels danys que poguessin ocasionar-se als usuaris per un \u00fas inadequat d&#8217;aquest Lloc Web. En particular, no es fa responsable en cap cas de les caigudes, interrupcions, falta o defecte de les telecomunicacions que poguessin oc\u00f3rrer.\n <\/p>\n<p> &nbsp;<\/p>\n<h3>IV. POL\u00cdTICA D&#8217;ENLLA\u00c7OS<\/h3>\n<p>\n S&#8217;informa que el Lloc Web de Blog de JOSE JAVIER posa o pot posar a disposici\u00f3 dels Usuaris mitjans d&#8217;enlla\u00e7 (com, entre d&#8217;altres, links, banners, botons), directoris i motors de cerca que permeten als Usuaris accedir a llocs web pertanyents i\/o gestionats per tercers.\n <\/p>\n<p>\n La instal\u00b7laci\u00f3 d&#8217;aquests enlla\u00e7os, directoris i motors de cerca en el Lloc Web t\u00e9 per objecte facilitar als Usuaris la cerca de i acc\u00e9s a la informaci\u00f3 disponible a Internet, sense que pugui considerar-se una sugger\u00e8ncia, recomanaci\u00f3 o invitaci\u00f3 per la visita dels mateixos.\n <\/p>\n<p>\n Blog de JOSE JAVIER no ofereix ni comercialitza per si ni per mitj\u00e0 de tercers els productes i\/o serveis disponibles en aquests llocs enlla\u00e7ats.<\/p>\n<p>\n Aix\u00ed mateix, tampoc garantir\u00e0 la disponibilitat t\u00e8cnica, exactitud, veracitat, validesa o legalitat de llocs aliens a la seva propietat als quals es pugui accedir per mitj\u00e0 dels enlla\u00e7os.<\/p>\n<p>\n Blog de JOSE JAVIER en cap cas revisar\u00e0 o controlar\u00e0 el contingut d&#8217;altres llocs web, aix\u00ed com tampoc aprova, examina ni fa propis els productes i serveis, continguts, arxius i qualsevol altre material existent en els referits llocs enlla\u00e7ats.<\/p>\n<p>\n Blog de JOSE JAVIER no assumeix cap responsabilitat pels danys i perjudicis que poguessin produir-se per l&#8217;acc\u00e9s, \u00fas, qualitat o licitud dels continguts, comunicacions, opinions, productes i serveis dels llocs web no gestionats per Blog de JOSE JAVIER i que siguin enlla\u00e7ats en aquest Lloc Web.<\/p>\n<p>\n L&#8217;Usuari o tercer que realitzi un hipervincle des d&#8217;una p\u00e0gina web d&#8217;un altre, diferent, lloc web al Lloc Web de Blog de JOSE JAVIER haur\u00e0 de saber que:<\/p>\n<p>\n No es permet la reproducci\u00f3 \u2014total o parcialment\u2014 de cap dels Continguts i\/o Serveis del Lloc Web sense autoritzaci\u00f3 expressa de Blog de JOSE JAVIER.<\/p>\n<p>\n No es permet tampoc cap manifestaci\u00f3 falsa, inexacta o incorrecta sobre el Lloc Web de Blog de JOSE JAVIER, ni sobre els Continguts i\/o Serveis del mateix.\n <\/p>\n<p>\n A excepci\u00f3 del hipervincle, el lloc web en el qual s&#8217;estableixi aquest hipervincle no contindr\u00e0 cap element, d&#8217;aquest Lloc Web, protegit com a propietat intel\u00b7lectual per l&#8217;ordenament jur\u00eddic espanyol, excepte autoritzaci\u00f3 expressa de Blog de JOSE JAVIER.<\/p>\n<p>\n L&#8217;establiment del hipervincle no implicar\u00e0 l&#8217;exist\u00e8ncia de relacions entre Blog de JOSE JAVIER i el titular del lloc web des del qual es realitzi, ni el coneixement i acceptaci\u00f3 de Blog de JOSE JAVIER dels continguts, serveis i\/o activitats ofertes en aquest lloc web, i viceversa.<\/p>\n<p> &nbsp;<\/p>\n<h3>V. PROPIETAT INTEL\u00b7LECTUAL I INDUSTRIAL<\/h3>\n<p>\n Blog de JOSE JAVIER per si o com a part cession\u00e0ria, \u00e9s titular de tots els drets de propietat intel\u00b7lectual i industrial del Lloc Web, aix\u00ed com dels elements continguts en el mateix (a t\u00edtol enunciatiu i no exhaustiu, imatges, so, \u00e0udio, v\u00eddeo, programari o textos, marques o logotips, combinacions de colors, estructura i disseny, selecci\u00f3 de materials usats, programes d&#8217;ordinador necessaris pel seu funcionament, acc\u00e9s i \u00fas, etc.). Seran, per tant, obres protegides com a propietat intel\u00b7lectual per l&#8217;ordenament jur\u00eddic espanyol, sent-los aplicables tant la normativa espanyola i comunit\u00e0ria en aquest camp, com els tractats internacionals relatius a la mat\u00e8ria i subscrits per Espanya.<\/p>\n<p>\n Tots els drets reservats. En virtut del que disposa en la Llei de Propietat Intel\u00b7lectual, queden expressament prohibides la reproducci\u00f3, la distribuci\u00f3 i la comunicaci\u00f3 p\u00fablica, inclosa la modalitat de posada a disposici\u00f3, de la totalitat o part dels continguts d&#8217;aquesta p\u00e0gina web, amb fins comercials, en qualsevol suport i per qualsevol mitj\u00e0 t\u00e8cnic, sense l&#8217;autoritzaci\u00f3 de Blog de JOSE JAVIER.<\/p>\n<p>\n L&#8217;Usuari es compromet a respectar els drets de propietat intel\u00b7lectual i industrial de Blog de JOSE JAVIER. Podr\u00e0 visualitzar els elements del Lloc Web o fins i tot imprimir-los, copiar-los i emmagatzemar-los al disc dur del seu ordinador o en qualsevol altre suport f\u00edsic sempre que sigui, exclusivament, per al seu \u00fas personal. L&#8217;Usuari, no obstant aix\u00f2, no podr\u00e0 suprimir, alterar, o manipular qualsevol dispositiu de protecci\u00f3 o sistema de seguretat que estigu\u00e9s instal\u00b7lat en el Lloc Web.<\/p>\n<p>\n En cas que l&#8217;Usuari o tercer consideri que qualsevol dels Continguts del Lloc Web suposa una violaci\u00f3 dels drets de protecci\u00f3 de la propietat intel\u00b7lectual, haur\u00e0 de comunicar-ho immediatament a Blog de JOSE JAVIER a trav\u00e9s de les dades de contacte de l&#8217;apartat de INFORMACI\u00d3 GENERAL d&#8217;aquest Av\u00eds Legal i Condicions Generals d&#8217;\u00das.\n <\/p>\n<p> &nbsp;<\/p>\n<h3>VI. ACCIONS LEGALS, LEGISLACI\u00d3 APLICABLE I JURISDICCI\u00d3<\/h3>\n<p>\n Blog de JOSE JAVIER es reserva la facultat de presentar les accions civils o penals que consideri necess\u00e0ries per la utilitzaci\u00f3 indeguda del Lloc Web i Continguts, o per l&#8217;incompliment de les presents Condicions.<\/p>\n<p>\n La relaci\u00f3 entre l&#8217;Usuari i Blog de JOSE JAVIER es regir\u00e0 per la normativa vigent i d&#8217;aplicaci\u00f3 en el territori espanyol. De sorgir qualsevol controv\u00e8rsia en relaci\u00f3 amb la interpretaci\u00f3 i\/o l&#8217;aplicaci\u00f3 d&#8217;aquestes Condicions les parts sotmetran els seus conflictes a la jurisdicci\u00f3 ordin\u00e0ria sotmetent-se als jutges i tribunals que corresponguin conforme a dret.<\/p>\n<p>\n Aquest document d&#8217;Av\u00eds Legal i Condicions Generals d&#8217;\u00fas del lloc web ha estat creat mitjan\u00e7ant el generador de plantilla d&#8217;av\u00eds legal i condicions d&#8217;\u00fas en l\u00ednia el dia 18\/02\/2024.\n <\/p>\n                    <\/div>\r\n                                    <\/div>\r\n            <\/div>\r\n        <\/div>\r\n    <\/div>\r\n<\/section>\r\n<style>\r\n    .text_content_text_1_1 h1 {\r\n        padding-bottom: 60px;\r\n        font-size: var(--tamano1-font-size);\r\n        font-weight: var(--tamano1-font-weight);\r\n        line-height: var(--tamano1-line-height);\r\n        letter-spacing: var(--tamano1-letter-spacing);\r\n        font-family: var(--tamano1-font-family);\r\n        color: var(--color-2-headings-dark);\r\n    }\r\n\r\n    .text_content_text_1_1 h2 {\r\n        padding-bottom: 60px;\r\n        font-size: var(--tamano2-font-size);\r\n        font-weight: var(--tamano2-font-weight);\r\n        line-height: var(--tamano2-line-height);\r\n        letter-spacing: var(--tamano2-letter-spacing);\r\n        font-family: var(--tamano2-font-family);\r\n        color: var(--color-2-headings-dark);\r\n    }\r\n\r\n    .text_content_text_1_1 h3 {\r\n        padding-bottom: 60px;\r\n        font-size: var(--tamano3-font-size);\r\n        font-weight: var(--tamano3-font-weight);\r\n        line-height: var(--tamano3-line-height);\r\n        letter-spacing: var(--tamano3-letter-spacing);\r\n        font-family: var(--tamano3-font-family);\r\n        color: var(--color-2-headings-dark);\r\n    }\r\n\r\n    .text_content_text_1_1 h4 {\r\n        padding-bottom: 60px;\r\n        font-size: var(--tamano4-font-size);\r\n        font-weight: var(--tamano4-font-weight);\r\n        line-height: var(--tamano4-line-height);\r\n        letter-spacing: var(--tamano4-letter-spacing);\r\n        font-family: var(--tamano4-font-family);\r\n        color: var(--color-2-headings-dark);\r\n    }\r\n\r\n    .text_content_text_1_1 ul,\r\n    .text_content_text_1_1 ol {\r\n        padding-left: 20px;\r\n    }\r\n\r\n    .text_content_text_1_1 .row .col {\r\n        padding-top: 75px;\r\n        width: 100%;\r\n    }\r\n\r\n\r\n    .text_content_text_1_1 .texto {\r\n        margin-bottom: 50px;\r\n    }\r\n\r\n    .text_content_text_1_1 .texto * {\r\n        padding-bottom: 20px;\r\n    }\r\n\r\n\r\n    .text_content_text_1_1 .row {\r\n        display: flex;\r\n        gap: 0px;\r\n    }\r\n\r\n    .text_content_text_1_1 {\r\n        position: relative;\r\n        background-position: center;\r\n        background-repeat: no-repeat;\r\n        background-size: cover;\r\n        padding: 81px 150px;\r\n        margin-top: -1px;\r\n    }\r\n\r\n    @media (max-width:1750px) {\r\n        .text_content_text_1_1 .row {\r\n            gap: 100px;\r\n        }\r\n    }\r\n\r\n    @media (max-width:1550px) {\r\n        .text_content_text_1_1 {\r\n            padding-left: 50px;\r\n            padding-right: 50px;\r\n        }\r\n    }\r\n\r\n    @media (max-width:1350px) {\r\n        .text_content_text_1_1 .row {\r\n            gap: 30px;\r\n        }\r\n    }\r\n\r\n    @media (max-width:1200px) {\r\n        .text_content_text_1_1 {\r\n            padding-left: 0;\r\n            padding-right: 0;\r\n        }\r\n    }\r\n\r\n    @media (max-width:992px) {\r\n        .text_content_text_1_1 .row .col-left {\r\n            padding-top: 0;\r\n            max-width: 100%;\r\n        }\r\n\r\n        .text_content_text_1_1 .texto {\r\n            margin-bottom: 35px;\r\n        }\r\n\r\n        .text_content_text_1_1 h2 {\r\n            padding-bottom: 40px;\r\n        }\r\n\r\n        .text_content_text_1_1 {\r\n            padding: 40px 0;\r\n        }\r\n\r\n        .text_content_text_1_1 h1 {\r\n            font-size: var(--tamano1-font-size-mobile);\r\n        }\r\n\r\n        .text_content_text_1_1 h2 {\r\n            font-size: var(--tamano2-font-size-mobile);\r\n        }\r\n\r\n        .text_content_text_1_1 h3 {\r\n            font-size: var(--tamano3-font-size-mobile);\r\n        }\r\n\r\n        .text_content_text_1_1 h4 {\r\n            font-size: var(--tamano4-font-size-mobile);\r\n        }\r\n    }\r\n<\/style>\r\n","protected":false},"excerpt":{"rendered":"","protected":false},"author":0,"featured_media":0,"parent":0,"menu_order":0,"comment_status":"open","ping_status":"closed","template":"","meta":{"_acf_changed":false,"iawp_total_views":0,"footnotes":""},"class_list":["post-360","page","type-page","status-publish","hentry"],"acf":[],"yoast_head":"<!-- This site is optimized with the Yoast SEO plugin v27.4 - https:\/\/yoast.com\/product\/yoast-seo-wordpress\/ -->\n<title>Aviso Legal y Condiciones de Uso - JOSE DOMINGO<\/title>\n<meta name=\"description\" content=\"Descubre las condiciones de uso y el aviso legal del sitio web de JOSE DOMINGO. Informaci\u00f3n esencial para navegar y utilizar nuestros servicios de manera segura y acorde a la ley.\" \/>\n<meta name=\"robots\" content=\"index, follow, max-snippet:-1, max-image-preview:large, max-video-preview:-1\" \/>\n<link rel=\"canonical\" href=\"https:\/\/josedomingoasesor.com\/ca\/avis-legal\/\" \/>\n<meta property=\"og:locale\" content=\"ca_ES\" \/>\n<meta property=\"og:type\" content=\"article\" \/>\n<meta property=\"og:title\" content=\"Aviso Legal y Condiciones de Uso - JOSE DOMINGO\" \/>\n<meta property=\"og:description\" content=\"Descubre las condiciones de uso y el aviso legal del sitio web de JOSE DOMINGO. Informaci\u00f3n esencial para navegar y utilizar nuestros servicios de manera segura y acorde a la ley.\" \/>\n<meta property=\"og:url\" content=\"https:\/\/josedomingoasesor.com\/ca\/avis-legal\/\" \/>\n<meta property=\"og:site_name\" content=\"JOSE DOMINGO\" \/>\n<meta property=\"article:modified_time\" content=\"2026-01-21T12:09:26+00:00\" \/>\n<meta name=\"twitter:card\" content=\"summary_large_image\" \/>\n<!-- \/ Yoast SEO plugin. -->","yoast_head_json":{"title":"Aviso Legal y Condiciones de Uso - JOSE DOMINGO","description":"Descubre las condiciones de uso y el aviso legal del sitio web de JOSE DOMINGO. Informaci\u00f3n esencial para navegar y utilizar nuestros servicios de manera segura y acorde a la ley.","robots":{"index":"index","follow":"follow","max-snippet":"max-snippet:-1","max-image-preview":"max-image-preview:large","max-video-preview":"max-video-preview:-1"},"canonical":"https:\/\/josedomingoasesor.com\/ca\/avis-legal\/","og_locale":"ca_ES","og_type":"article","og_title":"Aviso Legal y Condiciones de Uso - JOSE DOMINGO","og_description":"Descubre las condiciones de uso y el aviso legal del sitio web de JOSE DOMINGO. Informaci\u00f3n esencial para navegar y utilizar nuestros servicios de manera segura y acorde a la ley.","og_url":"https:\/\/josedomingoasesor.com\/ca\/avis-legal\/","og_site_name":"JOSE DOMINGO","article_modified_time":"2026-01-21T12:09:26+00:00","twitter_card":"summary_large_image","schema":{"@context":"https:\/\/schema.org","@graph":[{"@type":"WebPage","@id":"https:\/\/josedomingoasesor.com\/ca\/avis-legal\/","url":"https:\/\/josedomingoasesor.com\/ca\/avis-legal\/","name":"Aviso Legal y Condiciones de Uso - JOSE DOMINGO","isPartOf":{"@id":"https:\/\/josedomingoasesor.com\/ca\/#website"},"datePublished":"2025-07-24T15:59:09+00:00","dateModified":"2026-01-21T12:09:26+00:00","description":"Descubre las condiciones de uso y el aviso legal del sitio web de JOSE DOMINGO. Informaci\u00f3n esencial para navegar y utilizar nuestros servicios de manera segura y acorde a la ley.","breadcrumb":{"@id":"https:\/\/josedomingoasesor.com\/ca\/avis-legal\/#breadcrumb"},"inLanguage":"ca","potentialAction":[{"@type":"ReadAction","target":["https:\/\/josedomingoasesor.com\/ca\/avis-legal\/"]}]},{"@type":"BreadcrumbList","@id":"https:\/\/josedomingoasesor.com\/ca\/avis-legal\/#breadcrumb","itemListElement":[{"@type":"ListItem","position":1,"name":"Portada","item":"https:\/\/josedomingoasesor.com\/ca\/inici\/"},{"@type":"ListItem","position":2,"name":"Av\u00eds legal"}]},{"@type":"WebSite","@id":"https:\/\/josedomingoasesor.com\/ca\/#website","url":"https:\/\/josedomingoasesor.com\/ca\/","name":"JOSE DOMINGO","description":"","publisher":{"@id":"https:\/\/josedomingoasesor.com\/ca\/#organization"},"potentialAction":[{"@type":"SearchAction","target":{"@type":"EntryPoint","urlTemplate":"https:\/\/josedomingoasesor.com\/ca\/?s={search_term_string}"},"query-input":{"@type":"PropertyValueSpecification","valueRequired":true,"valueName":"search_term_string"}}],"inLanguage":"ca"},{"@type":"Organization","@id":"https:\/\/josedomingoasesor.com\/ca\/#organization","name":"JOSE DOMINGO","url":"https:\/\/josedomingoasesor.com\/ca\/","logo":{"@type":"ImageObject","inLanguage":"ca","@id":"https:\/\/josedomingoasesor.com\/ca\/#\/schema\/logo\/image\/","url":"https:\/\/josedomingoasesor.com\/wp-content\/uploads\/2025\/07\/688248a739b40_Jose-Domingo.png","contentUrl":"https:\/\/josedomingoasesor.com\/wp-content\/uploads\/2025\/07\/688248a739b40_Jose-Domingo.png","width":1360,"height":363,"caption":"JOSE DOMINGO"},"image":{"@id":"https:\/\/josedomingoasesor.com\/ca\/#\/schema\/logo\/image\/"}}]}},"_links":{"self":[{"href":"https:\/\/josedomingoasesor.com\/ca\/wp-json\/wp\/v2\/pages\/360","targetHints":{"allow":["GET"]}}],"collection":[{"href":"https:\/\/josedomingoasesor.com\/ca\/wp-json\/wp\/v2\/pages"}],"about":[{"href":"https:\/\/josedomingoasesor.com\/ca\/wp-json\/wp\/v2\/types\/page"}],"replies":[{"embeddable":true,"href":"https:\/\/josedomingoasesor.com\/ca\/wp-json\/wp\/v2\/comments?post=360"}],"version-history":[{"count":3,"href":"https:\/\/josedomingoasesor.com\/ca\/wp-json\/wp\/v2\/pages\/360\/revisions"}],"predecessor-version":[{"id":1334,"href":"https:\/\/josedomingoasesor.com\/ca\/wp-json\/wp\/v2\/pages\/360\/revisions\/1334"}],"wp:attachment":[{"href":"https:\/\/josedomingoasesor.com\/ca\/wp-json\/wp\/v2\/media?parent=360"}],"curies":[{"name":"wp","href":"https:\/\/api.w.org\/{rel}","templated":true}]}}